{"id":696,"date":"2024-05-07T15:03:56","date_gmt":"2024-05-07T15:03:56","guid":{"rendered":"https:\/\/wp-qsafety.azurewebsites.net\/?page_id=696"},"modified":"2025-03-19T16:26:30","modified_gmt":"2025-03-19T15:26:30","slug":"asistencia-tecnica-seguridad-salud","status":"publish","type":"page","link":"https:\/\/qsafety.quironprevencion.com\/en\/asistencia-tecnica-seguridad-salud\/","title":{"rendered":"Health and Safety Technical Assistance"},"content":{"rendered":"<div data-elementor-type=\"wp-page\" data-elementor-id=\"696\" class=\"elementor elementor-696\" data-elementor-post-type=\"page\">\n\t\t\t\t<div class=\"elementor-element elementor-element-9535559 e-flex e-con-boxed e-con e-parent\" data-id=\"9535559\" data-element_type=\"container\" data-e-type=\"container\" data-settings=\"{&quot;background_background&quot;:&quot;classic&quot;,&quot;jet_parallax_layout_list&quot;:[]}\">\n\t\t\t\t\t<div class=\"e-con-inner\">\n\t\t<div class=\"elementor-element elementor-element-19e0cb8 e-con-full e-flex e-con e-child\" data-id=\"19e0cb8\" data-element_type=\"container\" data-e-type=\"container\" data-settings=\"{&quot;jet_parallax_layout_list&quot;:[]}\">\n\t\t\t\t<div class=\"elementor-element elementor-element-86c8481 elementor-widget elementor-widget-heading\" data-id=\"86c8481\" data-element_type=\"widget\" data-e-type=\"widget\" data-widget_type=\"heading.default\">\n\t\t\t\t<div class=\"elementor-widget-container\">\n\t\t\t\t\t<h1 class=\"elementor-heading-title elementor-size-default\">Health and Safety Technical Assistance<\/h1>\t\t\t\t<\/div>\n\t\t\t\t<\/div>\n\t\t\t\t<div class=\"elementor-element elementor-element-5fe1afc elementor-widget elementor-widget-button\" data-id=\"5fe1afc\" data-element_type=\"widget\" data-e-type=\"widget\" data-widget_type=\"button.default\">\n\t\t\t\t<div class=\"elementor-widget-container\">\n\t\t\t\t\t\t\t\t\t<div class=\"elementor-button-wrapper\">\n\t\t\t\t\t<a class=\"elementor-button elementor-button-link elementor-size-sm\" href=\"#f-presupuesto\">\n\t\t\t\t\t\t<span class=\"elementor-button-content-wrapper\">\n\t\t\t\t\t\t\t\t\t<span class=\"elementor-button-text\">Request a quote<\/span>\n\t\t\t\t\t<\/span>\n\t\t\t\t\t<\/a>\n\t\t\t\t<\/div>\n\t\t\t\t\t\t\t\t<\/div>\n\t\t\t\t<\/div>\n\t\t\t\t<\/div>\n\t\t<div class=\"elementor-element elementor-element-cdfa095 e-con-full elementor-hidden-tablet elementor-hidden-mobile_extra elementor-hidden-mobile e-flex e-con e-child\" data-id=\"cdfa095\" data-element_type=\"container\" data-e-type=\"container\" data-settings=\"{&quot;jet_parallax_layout_list&quot;:[]}\">\n\t\t\t\t<\/div>\n\t\t\t\t\t<\/div>\n\t\t\t\t<\/div>\n\t\t<div class=\"elementor-element elementor-element-1d23cdf e-flex e-con-boxed e-con e-parent\" data-id=\"1d23cdf\" data-element_type=\"container\" data-e-type=\"container\" data-settings=\"{&quot;jet_parallax_layout_list&quot;:[]}\">\n\t\t\t\t\t<div class=\"e-con-inner\">\n\t\t\t\t<div class=\"elementor-element elementor-element-088e7e6 elementor-widget elementor-widget-heading\" data-id=\"088e7e6\" data-element_type=\"widget\" data-e-type=\"widget\" data-widget_type=\"heading.default\">\n\t\t\t\t<div class=\"elementor-widget-container\">\n\t\t\t\t\t<h2 class=\"elementor-heading-title elementor-size-default\">What is Health and Safety Technical Assistance<\/h2>\t\t\t\t<\/div>\n\t\t\t\t<\/div>\n\t\t\t\t<div class=\"elementor-element elementor-element-3dbcf94 pcero elementor-widget elementor-widget-text-editor\" data-id=\"3dbcf94\" data-element_type=\"widget\" data-e-type=\"widget\" data-widget_type=\"text-editor.default\">\n\t\t\t\t<div class=\"elementor-widget-container\">\n\t\t\t\t\t\t\t\t\t<p>We provide OHS technicians who act on behalf of the company (contractor or subcontractor), supervising health and safety conditions on site and advising the client on legislative matters.<\/p>\t\t\t\t\t\t\t\t<\/div>\n\t\t\t\t<\/div>\n\t\t<div class=\"elementor-element elementor-element-edbf2e6 e-grid e-con-boxed e-con e-child\" data-id=\"edbf2e6\" data-element_type=\"container\" data-e-type=\"container\" data-settings=\"{&quot;jet_parallax_layout_list&quot;:[]}\">\n\t\t\t\t\t<div class=\"e-con-inner\">\n\t\t<div class=\"elementor-element elementor-element-8a26f54 e-con-full e-flex e-con e-child\" data-id=\"8a26f54\" data-element_type=\"container\" data-e-type=\"container\" data-settings=\"{&quot;background_background&quot;:&quot;classic&quot;,&quot;jet_parallax_layout_list&quot;:[]}\">\n\t\t\t\t<div class=\"elementor-element elementor-element-20b9468 elementor-widget elementor-widget-image\" data-id=\"20b9468\" data-element_type=\"widget\" data-e-type=\"widget\" data-widget_type=\"image.default\">\n\t\t\t\t<div class=\"elementor-widget-container\">\n\t\t\t\t\t\t\t\t\t\t\t\t\t\t\t<img fetchpriority=\"high\" decoding=\"async\" width=\"256\" height=\"308\" src=\"\/wp-content\/uploads\/2024\/05\/Recurso-8logo-c.webp\" class=\"attachment-full size-full wp-image-760\" alt=\"\" srcset=\"\/wp-content\/uploads\/2024\/05\/Recurso-8logo-c.webp 256w, \/wp-content\/uploads\/2024\/05\/Recurso-8logo-c-249x300.webp 249w\" sizes=\"(max-width: 256px) 100vw, 256px\" title=\"\">\t\t\t\t\t\t\t\t\t\t\t\t\t\t\t<\/div>\n\t\t\t\t<\/div>\n\t\t\t\t<div class=\"elementor-element elementor-element-6639e39 elementor-widget elementor-widget-heading\" data-id=\"6639e39\" data-element_type=\"widget\" data-e-type=\"widget\" data-widget_type=\"heading.default\">\n\t\t\t\t<div class=\"elementor-widget-container\">\n\t\t\t\t\t<span class=\"elementor-heading-title elementor-size-default\">Our service offers customers the maximum guarantees.\n<\/span>\t\t\t\t<\/div>\n\t\t\t\t<\/div>\n\t\t\t\t<\/div>\n\t\t<div class=\"elementor-element elementor-element-2de6c2d e-con-full e-flex e-con e-child\" data-id=\"2de6c2d\" data-element_type=\"container\" data-e-type=\"container\" data-settings=\"{&quot;background_background&quot;:&quot;classic&quot;,&quot;jet_parallax_layout_list&quot;:[]}\">\n\t\t\t\t<div class=\"elementor-element elementor-element-9aec77a elementor-widget elementor-widget-image\" data-id=\"9aec77a\" data-element_type=\"widget\" data-e-type=\"widget\" data-widget_type=\"image.default\">\n\t\t\t\t<div class=\"elementor-widget-container\">\n\t\t\t\t\t\t\t\t\t\t\t\t\t\t\t<img decoding=\"async\" width=\"256\" height=\"213\" src=\"\/wp-content\/uploads\/2024\/05\/Recurso-1logo-c-1.webp\" class=\"attachment-full size-full wp-image-758\" alt=\"\" title=\"\">\t\t\t\t\t\t\t\t\t\t\t\t\t\t\t<\/div>\n\t\t\t\t<\/div>\n\t\t\t\t<div class=\"elementor-element elementor-element-82d4226 elementor-widget elementor-widget-heading\" data-id=\"82d4226\" data-element_type=\"widget\" data-e-type=\"widget\" data-widget_type=\"heading.default\">\n\t\t\t\t<div class=\"elementor-widget-container\">\n\t\t\t\t\t<span class=\"elementor-heading-title elementor-size-default\">We focus\non the needs\nof the customer<\/span>\t\t\t\t<\/div>\n\t\t\t\t<\/div>\n\t\t\t\t<\/div>\n\t\t<div class=\"elementor-element elementor-element-b6905f5 e-con-full e-flex e-con e-child\" data-id=\"b6905f5\" data-element_type=\"container\" data-e-type=\"container\" data-settings=\"{&quot;background_background&quot;:&quot;classic&quot;,&quot;jet_parallax_layout_list&quot;:[]}\">\n\t\t\t\t<div class=\"elementor-element elementor-element-780b289 elementor-widget elementor-widget-image\" data-id=\"780b289\" data-element_type=\"widget\" data-e-type=\"widget\" data-widget_type=\"image.default\">\n\t\t\t\t<div class=\"elementor-widget-container\">\n\t\t\t\t\t\t\t\t\t\t\t\t\t\t\t<img decoding=\"async\" width=\"256\" height=\"387\" src=\"\/wp-content\/uploads\/2024\/04\/Recurso-5servicios.webp\" class=\"attachment-full size-full wp-image-236\" alt=\"\" srcset=\"\/wp-content\/uploads\/2024\/04\/Recurso-5servicios.webp 256w, \/wp-content\/uploads\/2024\/04\/Recurso-5servicios-198x300.webp 198w\" sizes=\"(max-width: 256px) 100vw, 256px\" title=\"\">\t\t\t\t\t\t\t\t\t\t\t\t\t\t\t<\/div>\n\t\t\t\t<\/div>\n\t\t\t\t<div class=\"elementor-element elementor-element-4049991 elementor-widget elementor-widget-heading\" data-id=\"4049991\" data-element_type=\"widget\" data-e-type=\"widget\" data-widget_type=\"heading.default\">\n\t\t\t\t<div class=\"elementor-widget-container\">\n\t\t\t\t\t<span class=\"elementor-heading-title elementor-size-default\">Qualified technicians with expertise in construction<\/span>\t\t\t\t<\/div>\n\t\t\t\t<\/div>\n\t\t\t\t<\/div>\n\t\t<div class=\"elementor-element elementor-element-e943b5a e-con-full e-flex e-con e-child\" data-id=\"e943b5a\" data-element_type=\"container\" data-e-type=\"container\" data-settings=\"{&quot;background_background&quot;:&quot;classic&quot;,&quot;jet_parallax_layout_list&quot;:[]}\">\n\t\t\t\t<div class=\"elementor-element elementor-element-24f85f1 elementor-widget elementor-widget-image\" data-id=\"24f85f1\" data-element_type=\"widget\" data-e-type=\"widget\" data-widget_type=\"image.default\">\n\t\t\t\t<div class=\"elementor-widget-container\">\n\t\t\t\t\t\t\t\t\t\t\t\t\t\t\t<img loading=\"lazy\" decoding=\"async\" width=\"256\" height=\"316\" src=\"\/wp-content\/uploads\/2024\/05\/Recurso-1logo-c-4.webp\" class=\"attachment-full size-full wp-image-805\" alt=\"\" srcset=\"\/wp-content\/uploads\/2024\/05\/Recurso-1logo-c-4.webp 256w, \/wp-content\/uploads\/2024\/05\/Recurso-1logo-c-4-243x300.webp 243w\" sizes=\"(max-width: 256px) 100vw, 256px\" title=\"\">\t\t\t\t\t\t\t\t\t\t\t\t\t\t\t<\/div>\n\t\t\t\t<\/div>\n\t\t\t\t<div class=\"elementor-element elementor-element-2fe863c elementor-widget elementor-widget-heading\" data-id=\"2fe863c\" data-element_type=\"widget\" data-e-type=\"widget\" data-widget_type=\"heading.default\">\n\t\t\t\t<div class=\"elementor-widget-container\">\n\t\t\t\t\t<span class=\"elementor-heading-title elementor-size-default\">We provide additional consulting services.<\/span>\t\t\t\t<\/div>\n\t\t\t\t<\/div>\n\t\t\t\t<\/div>\n\t\t\t\t\t<\/div>\n\t\t\t\t<\/div>\n\t\t\t\t\t<\/div>\n\t\t\t\t<\/div>\n\t\t<div class=\"elementor-element elementor-element-78633eb e-con-full e-flex e-con e-parent\" data-id=\"78633eb\" data-element_type=\"container\" data-e-type=\"container\" data-settings=\"{&quot;jet_parallax_layout_list&quot;:[]}\">\n\t\t\t\t<div class=\"elementor-element elementor-element-616f226 elementor-widget elementor-widget-shortcode\" data-id=\"616f226\" data-element_type=\"widget\" data-e-type=\"widget\" data-widget_type=\"shortcode.default\">\n\t\t\t\t<div class=\"elementor-widget-container\">\n\t\t\t\t\t\t\t<div class=\"elementor-shortcode\">\t\t<div data-elementor-type=\"section\" data-elementor-id=\"836\" class=\"elementor elementor-836\" data-elementor-post-type=\"elementor_library\">\n\t\t\t<div class=\"elementor-element elementor-element-336cad71 e-flex e-con-boxed e-con e-parent\" data-id=\"336cad71\" data-element_type=\"container\" data-e-type=\"container\" id=\"f-presupuesto\" data-settings=\"{&quot;background_background&quot;:&quot;classic&quot;,&quot;jet_parallax_layout_list&quot;:[]}\">\n\t\t\t\t\t<div class=\"e-con-inner\">\n\t\t\t\t<div class=\"elementor-element elementor-element-52f5f3ae elementor-widget elementor-widget-heading\" data-id=\"52f5f3ae\" data-element_type=\"widget\" data-e-type=\"widget\" data-widget_type=\"heading.default\">\n\t\t\t\t<div class=\"elementor-widget-container\">\n\t\t\t\t\t<h2 class=\"elementor-heading-title elementor-size-default\">Request a quote<\/h2>\t\t\t\t<\/div>\n\t\t\t\t<\/div>\n\t\t\t\t<div class=\"elementor-element elementor-element-7ae662d1 elementor-widget elementor-widget-text-editor\" data-id=\"7ae662d1\" data-element_type=\"widget\" data-e-type=\"widget\" data-widget_type=\"text-editor.default\">\n\t\t\t\t<div class=\"elementor-widget-container\">\n\t\t\t\t\t\t\t\t\t<p>Leave us your details and we will contact you as soon as possible.<\/p>\t\t\t\t\t\t\t\t<\/div>\n\t\t\t\t<\/div>\n\t\t\t\t<div class=\"elementor-element elementor-element-273b51ae elementor-widget elementor-widget-jet-form-builder-form\" data-id=\"273b51ae\" data-element_type=\"widget\" data-e-type=\"widget\" data-no-translation=\"\" data-widget_type=\"jet-form-builder-form.default\">\n\t\t\t\t<div class=\"elementor-widget-container\">\n\t\t\t\t\t<style>.elementor-element-273b51ae{display:none !important}<\/style>\t\t\t\t<\/div>\n\t\t\t\t<\/div>\n\t\t\t\t<div class=\"elementor-element elementor-element-b8cd1c2 elementor-widget elementor-widget-jet-form-builder-form\" data-id=\"b8cd1c2\" data-element_type=\"widget\" data-e-type=\"widget\" data-no-translation=\"\" data-widget_type=\"jet-form-builder-form.default\">\n\t\t\t\t<div class=\"elementor-widget-container\">\n\t\t\t\t\t<style id=\"jet-form-builder-4239-inline-css\"><\/style><form  class=\"jet-form-builder layout-column submit-type-ajax\" action=\"https:\/\/qsafety.quironprevencion.com\/en\/wp-json\/wp\/v2\/pages\/696\/?lGkoIT=bnT78qGdZg&#038;method=reload\" method=\"POST\" data-form-id=\"4239\" data-layout=\"column\" enctype=\"multipart\/form-data\" novalidate=\"null\" ssr_validation_method=\"rest\" data-trp-original-action=\"https:\/\/qsafety.quironprevencion.com\/en\/wp-json\/wp\/v2\/pages\/696\/?lGkoIT=bnT78qGdZg&amp;method=reload\">\r\n<input type=\"hidden\" name=\"_jfb_current_render_states[]\" value=\"DEFAULT.STATE\" data-jfb-sync \/><input type=\"hidden\" class=\"jet-form-builder__field hidden-field\" name=\"_jet_engine_booking_form_id\" data-field-name=\"_jet_engine_booking_form_id\" value=\"4239\">\n<input type=\"hidden\" class=\"jet-form-builder__field hidden-field\" name=\"_jet_engine_refer\" data-field-name=\"_jet_engine_refer\" value=\"https:\/\/qsafety.quironprevencion.com\/en\/wp-json\/wp\/v2\/pages\/696\/\">\n<input type=\"hidden\" class=\"jet-form-builder__field hidden-field\" name=\"__queried_post_id\" data-field-name=\"__queried_post_id\" value=\"696\">\n\n<div class=\"wp-block-columns is-layout-flex wp-container-core-columns-is-layout-28f84493 wp-block-columns-is-layout-flex\">\n<div class=\"wp-block-column is-layout-flow wp-block-column-is-layout-flow\"><div  class=\"jet-form-builder-row field-type-text-field\" >\n<div class=\"jet-form-builder__label\">\r\n<div class=\"jet-form-builder__label-text\">Name and Surname <span class=\"jet-form-builder__required\">*<\/span><\/div><\/div><div class=\"jet-form-builder__field-wrap\">\n\t\t\t\t<input required=\"required\" name=\"nombre-apellido\" id=\"nombre-apellido_1\" type=\"text\" data-field-name=\"nombre-apellido\" class=\"jet-form-builder__field text-field\" data-jfb-sync=\"null\" autocomplete=\"off_eOMU9mwn\">\n\t\t\t\t\t<\/div>\n<\/div><\/div>\n\n\n\n<div class=\"wp-block-column is-layout-flow wp-block-column-is-layout-flow\"><div  class=\"jet-form-builder-row field-type-text-field\" >\n<div class=\"jet-form-builder__label\">\r\n<div class=\"jet-form-builder__label-text\">Company Name <span class=\"jet-form-builder__required\">*<\/span><\/div><\/div><div class=\"jet-form-builder__field-wrap\">\n\t\t\t\t<input required=\"required\" name=\"nombre-empresa\" id=\"nombre-empresa_1\" type=\"text\" data-field-name=\"nombre-empresa\" class=\"jet-form-builder__field text-field\" data-jfb-sync=\"null\" autocomplete=\"off_7fGVcXdl\">\n\t\t\t\t\t<\/div>\n<\/div><\/div>\n<\/div>\n\n\n\n<div class=\"wp-block-columns is-layout-flex wp-container-core-columns-is-layout-28f84493 wp-block-columns-is-layout-flex\">\n<div class=\"wp-block-column is-layout-flow wp-block-column-is-layout-flow\"><div  class=\"jet-form-builder-row field-type-text-field\" >\n<div class=\"jet-form-builder__label\">\r\n<div class=\"jet-form-builder__label-text\">Email <span class=\"jet-form-builder__required\">*<\/span><\/div><\/div><div class=\"jet-form-builder__field-wrap\">\n\t\t\t\t<input required=\"required\" name=\"email\" id=\"email_1\" type=\"email\" data-field-name=\"email\" class=\"jet-form-builder__field text-field\" data-jfb-sync=\"null\" autocomplete=\"off_jwgsu7Fp\">\n\t\t\t\t\t<\/div>\n<\/div><\/div>\n\n\n\n<div class=\"wp-block-column is-layout-flow wp-block-column-is-layout-flow\"><div  class=\"jet-form-builder-row field-type-text-field\" >\n<div class=\"jet-form-builder__label\">\r\n<div class=\"jet-form-builder__label-text\">Telephone <span class=\"jet-form-builder__required\">*<\/span><\/div><\/div><div class=\"jet-form-builder__field-wrap\">\n\t\t\t\t<input required=\"required\" name=\"telefono\" id=\"telefono_1\" type=\"tel\" data-field-name=\"telefono\" class=\"jet-form-builder__field text-field\" data-jfb-sync=\"null\" autocomplete=\"off_nsLU4MYJ\">\n\t\t\t\t\t<\/div>\n<\/div><\/div>\n<\/div>\n\n\n\n<div class=\"wp-block-columns is-layout-flex wp-container-core-columns-is-layout-28f84493 wp-block-columns-is-layout-flex\">\n<div class=\"wp-block-column is-layout-flow wp-block-column-is-layout-flow\"><div  class=\"jet-form-builder-row field-type-select-field wp-block-jet-forms-select-field\">\n<div class=\"jet-form-builder__label\">\r\n<div class=\"jet-form-builder__label-text\">Services of interest <span class=\"jet-form-builder__required\">*<\/span><\/div><\/div><div class=\"jet-form-builder__field-wrap\">\n\t<select class=\"jet-form-builder__field select-field\" required=\"required\" name=\"servicio-interes\" data-field-name=\"servicio-interes\" id=\"servicio-interes_1\" data-jfb-sync=\"null\">\n\t\t<option value=\"\"  selected>- Select an option -<\/option><option value=\"coordinacion-seguridad-salud\" >Health and Safety Coordination<\/option><option value=\"oficina-tecnica\" >Technical Office<\/option><option value=\"coordinacion-quioo\" >Business Activities Coordination - Quioo<\/option><option value=\"safety-manage\" >Safety Manager<\/option><option value=\"asistencia-seguridad-salud\" >Health and Safety Technical Assistance<\/option><option value=\"rescurso-preventivo\" >Preventive Resource Quir\u00f3nprevenci\u00f3n<\/option><option value=\"consultoria-hse\" >HSE Consultancy<\/option><option value=\"control-accesos\" >Access Control<\/option>\t<\/select>\n<\/div>\n<\/div><\/div>\n<\/div>\n\n\n<div  class=\"jet-form-builder-row field-type-textarea-field\" >\n<div class=\"jet-form-builder__label\">\r\n<div class=\"jet-form-builder__label-text\">Give us all the details you want.<\/div><\/div><div class=\"jet-form-builder__field-wrap\">\n\t\t<textarea class=\"jet-form-builder__field textarea-field\" name=\"extras\" data-field-name=\"extras\" id=\"extras_1\" data-jfb-sync=\"null\"><\/textarea>\n\t<\/div>\n<\/div>\n\n\n<div style=\"height:20px\" aria-hidden=\"true\" class=\"wp-block-spacer\"><\/div>\n\n\n<div  class=\"jet-form-builder-row field-type-checkbox-field\" >\n<div class=\"jet-form-builder__fields-group checkradio-wrap\" data-jfb-sync><div class=\"jet-form-builder__field-wrap checkboxes-wrap checkradio-wrap\"><label class=\"jet-form-builder__field-label for-checkbox\">\n\t\t\t<input type=\"checkbox\" name=\"politicas\" value=\"acepto\" data-field-name=\"politicas\"  class=\"jet-form-builder__field checkboxes-field checkradio-field\" required=\"required\"><span>I have read and accept the Privacy Policy.<\/span><\/label><\/div><\/div><div class=\"jet-form-builder__desc\"><small>The personal data you provide (identification and contact details) will be processed by QSAFETY BY QUIRON PREVENCION, S.A. for the purpose of responding to and managing your request. You may exercise your rights of access, rectification, erasure, objection, restriction and portability, as well as revoke your consent, by writing to C\/ Valent\u00edn Beato 5, 28037 Madrid, or by emailing <a href=\"mailto:dpo@qsafety.es\">dpo@qsafety.es<\/a>, providing your ID card or equivalent document in both cases. For more information on the processing of your data, please review our <a href=\"https:\/\/qsafety.quironprevencion.com\/politica-privacidad\/\">Privacy Policy.<\/a><\/small><\/div>\n<\/div>\n\n<input type=\"hidden\" class=\"captcha-token\" name=\"_captcha_token\" value=\"\"\/><div  class=\"jet-form-builder-row field-type-submit-field\" >\n\t<div data-type=\"submit\" class=\"jet-form-builder__action-button-wrapper jet-form-builder__submit-wrap\">\n\t<button class=\"jet-form-builder__action-button jet-form-builder__submit submit-type-ajax\" type=\"submit\">Submit<\/button>\n\t<\/div>\n\t\n<\/div>\t<div class=\"jet-form-builder-messages-wrap\" data-form-id=\"4239\"><\/div>\n<input type=\"hidden\" name=\"trp-form-language\" value=\"en\"\/><\/form>\n\t\t\t\t<\/div>\n\t\t\t\t<\/div>\n\t\t\t\t<div class=\"elementor-element elementor-element-34fc7b8 elementor-widget elementor-widget-jet-form-builder-form\" data-id=\"34fc7b8\" data-element_type=\"widget\" data-e-type=\"widget\" data-no-translation=\"\" data-widget_type=\"jet-form-builder-form.default\">\n\t\t\t\t<div class=\"elementor-widget-container\">\n\t\t\t\t\t<style>.elementor-element-34fc7b8{display:none !important}<\/style>\t\t\t\t<\/div>\n\t\t\t\t<\/div>\n\t\t\t\t\t<\/div>\n\t\t\t\t<\/div>\n\t\t\t\t<\/div>\n\t\t<\/div>\n\t\t\t\t\t\t<\/div>\n\t\t\t\t<\/div>\n\t\t\t\t<\/div>\n\t\t\t\t<\/div>","protected":false},"excerpt":{"rendered":"<p>Solicita presupuesto Qu\u00e9 es la Asistencia T\u00e9cnica de Seguridad y Salud Proporcionamos t\u00e9cnicos de PRL que act\u00faan en nombre de la empresa (contratista o subcontratista), supervisando las condiciones de Seguridad y Salud de las obras y asesorando al cliente en materias legislativas. Nuestro servicio ofrece al cliente las m\u00e1ximas garant\u00edas Nos enfocamos en las necesidades [&hellip;]<\/p>\n","protected":false},"author":3,"featured_media":806,"parent":0,"menu_order":0,"comment_status":"closed","ping_status":"closed","template":"","meta":{"_monsterinsights_skip_tracking":false,"_monsterinsights_sitenote_active":false,"_monsterinsights_sitenote_note":"","_monsterinsights_sitenote_category":0,"footnotes":""},"class_list":["post-696","page","type-page","status-publish","has-post-thumbnail","hentry"],"_links":{"self":[{"href":"https:\/\/qsafety.quironprevencion.com\/en\/wp-json\/wp\/v2\/pages\/696","targetHints":{"allow":["GET"]}}],"collection":[{"href":"https:\/\/qsafety.quironprevencion.com\/en\/wp-json\/wp\/v2\/pages"}],"about":[{"href":"https:\/\/qsafety.quironprevencion.com\/en\/wp-json\/wp\/v2\/types\/page"}],"author":[{"embeddable":true,"href":"https:\/\/qsafety.quironprevencion.com\/en\/wp-json\/wp\/v2\/users\/3"}],"replies":[{"embeddable":true,"href":"https:\/\/qsafety.quironprevencion.com\/en\/wp-json\/wp\/v2\/comments?post=696"}],"version-history":[{"count":24,"href":"https:\/\/qsafety.quironprevencion.com\/en\/wp-json\/wp\/v2\/pages\/696\/revisions"}],"predecessor-version":[{"id":3394,"href":"https:\/\/qsafety.quironprevencion.com\/en\/wp-json\/wp\/v2\/pages\/696\/revisions\/3394"}],"wp:featuredmedia":[{"embeddable":true,"href":"https:\/\/qsafety.quironprevencion.com\/en\/wp-json\/wp\/v2\/media\/806"}],"wp:attachment":[{"href":"https:\/\/qsafety.quironprevencion.com\/en\/wp-json\/wp\/v2\/media?parent=696"}],"curies":[{"name":"wp","href":"https:\/\/api.w.org\/{rel}","templated":true}]}}