{"id":570,"date":"2024-04-30T10:36:06","date_gmt":"2024-04-30T10:36:06","guid":{"rendered":"https:\/\/wp-qsafety.azurewebsites.net\/?page_id=570"},"modified":"2024-12-19T14:59:20","modified_gmt":"2024-12-19T13:59:20","slug":"privacy-policy","status":"publish","type":"page","link":"https:\/\/qsafety.quironprevencion.com\/en\/politica-privacidad\/","title":{"rendered":"Privacy policy"},"content":{"rendered":"<p>De conformidad con el Reglamento (UE) 2016\/679 del Parlamento y del Consejo de 27 de abril de 2016 relativo a la protecci\u00f3n de las personas f\u00edsicas en lo que respecta al tratamiento de sus datos personales y la libre circulaci\u00f3n de \u00e9stos y con la Ley Org\u00e1nica 3\/2018, de 5 de diciembre, de Protecci\u00f3n de Datos Personales y garant\u00eda de los derechos digitales, se informa a los usuarios de esta p\u00e1gina web, de los siguientes aspectos:<\/p>\n\n\n\n<h3 class=\"wp-block-heading\">\u00bfQui\u00e9n es el responsable del tratamiento de sus datos?<\/h3>\n\n\n\n<p>En cumplimiento de lo previsto en el art. 10 de la Ley 34\/2002, de 11 de julio, de Servicios de la Sociedad de la Informaci\u00f3n y Comercio Electr\u00f3nico, se pone de manifiesto que los datos de identificaci\u00f3n del titular del dominio web de&nbsp;<a href=\"https:\/\/qsafety.quironprevencion.com\/en\/\">qsafety.quironprevencion.com<\/a>&nbsp;son los siguientes:<\/p>\n\n\n\n<ul class=\"wp-block-list\">\n<li>Identidad: Q-SAFETY BY QUIR\u00d3NPREVENCI\u00d3N, S.A.<\/li>\n\n\n\n<li>Direcci\u00f3n: C\/ Valent\u00edn Beato 5 \u2013 28037 Madrid<\/li>\n\n\n\n<li>Tel\u00e9fono:&nbsp;<a href=\"tel:+34911080911\">91 108 09 11<\/a><\/li>\n\n\n\n<li>Email:&nbsp;<a href=\"mailto:qsafety@qsafety.es\" target=\"_blank\" rel=\"noreferrer noopener\">qsafety@qsafety.es<\/a><\/li>\n\n\n\n<li>Contacto Delegado de Protecci\u00f3n de Datos:&nbsp;<a href=\"mailto:dpo@qsafety.es\" target=\"_blank\" rel=\"noreferrer noopener\">dpo@qsafety.es<\/a><\/li>\n<\/ul>\n\n\n\n<p><\/p>\n\n\n\n<h3 class=\"wp-block-heading\">\u00bfQu\u00e9 informaci\u00f3n tratamos?<\/h3>\n\n\n\n<p>En general, puede usar el Sitio Web sin facilitar ninguna informaci\u00f3n de car\u00e1cter personal.<\/p>\n\n\n\n<p>En algunos apartados del Sitio Web existen formularios de recogida de datos personales que son necesarios para poder atender sus solicitudes.<\/p>\n\n\n\n<p>Cuando nos solicita informaci\u00f3n, el usuario garantiza la autenticidad, exactitud y veracidad de toda la informaci\u00f3n que nos facilite, comprometi\u00e9ndose a mantener actualizados los datos que nos facilite de forma que los mismos respondan, en todo momento, a su situaci\u00f3n real. El Usuario ser\u00e1 el \u00fanico responsable de las manifestaciones falsas o inexactas y de los perjuicios que las mismas pudieran causar.<\/p>\n\n\n\n<p>Las categor\u00edas de datos personales que tratamos en el formulario de contacto: Datos identificativos y de contacto (nombre y apellidos, tel\u00e9fono, correo electr\u00f3nico y nombre de la empresa).<\/p>\n\n\n\n<p>Los datos que le solicitamos a trav\u00e9s del formulario son de car\u00e1cter identificativo y son los m\u00ednimos necesarios para poder atender la solicitud que nos cursa. Los datos de cumplimentaci\u00f3n obligatoria se especifican en el propio formulario, y su negativa a suministrarlos implicar\u00e1 no poder atender su solicitud.<\/p>\n\n\n\n<p>En formularios de recogida de datos que van dirigidos a otros colectivos como clientes, trabajadores de clientes o candidatos. En cada uno de ellos se podr\u00e1 encontrar informaci\u00f3n espec\u00edfica sobre el tratamiento de datos que se proporcionen a trav\u00e9s de dichos formularios.<\/p>\n\n\n\n<h3 class=\"wp-block-heading\">\u00bfC\u00f3mo hemos obtenido sus datos personales?<\/h3>\n\n\n\n<p>Los datos personales obtenidos han sido proporcionados directamente por usted a trav\u00e9s de los diferentes formularios de los que dispone el Sitio Web.<\/p>\n\n\n\n<h3 class=\"wp-block-heading\">\u00bfCon qu\u00e9 finalidad tratamos sus datos personales?<\/h3>\n\n\n\n<p>Los datos personales pueden ser tratados por Q-SAFETY a trav\u00e9s del formulario de contacto, y se tratar\u00e1n con la \u00fanica finalidad de atender la solicitud que nos curse.<\/p>\n\n\n\n<p>Q-SAFETY tratar\u00e1 la informaci\u00f3n de manera confidencial y exclusivamente para los fines determinados, expl\u00edcitos y leg\u00edtimos y no ser\u00e1n tratados ulteriormente de manera incompatible con dichos fines. Cuando se proyecte el tratamiento ulterior de datos personales para un fin que no sea aquel para el que se recogieron, se proporcionar\u00e1 al interesado, con anterioridad a dicho tratamiento ulterior, informaci\u00f3n sobre ese otro fin y cualquier informaci\u00f3n adicional pertinente.<\/p>\n\n\n\n<h3 class=\"wp-block-heading\">\u00bfCu\u00e1l es la legitimaci\u00f3n para el tratamiento de sus datos personales?<\/h3>\n\n\n\n<p>La base jur\u00eddica que legitima el tratamiento de sus datos personales en todos los casos reflejados en el punto anterior es el consentimiento informado, expreso, libre e inequ\u00edvoco que nos facilita cuando marca la casilla&nbsp;<em>\u201cHe le\u00eddo y acepto la Pol\u00edtica de Privacidad\u201d<\/em>&nbsp;y el posterior env\u00edo del formulario donde verifica su consentimiento.<\/p>\n\n\n\n<p>Los datos que le solicitamos son adecuados, pertinentes y estrictamente necesarios y en ning\u00fan caso est\u00e1 obligado a facilit\u00e1rnoslos.<\/p>\n\n\n\n<h3 class=\"wp-block-heading\">\u00bfDurante cu\u00e1nto tiempo conservaremos sus datos personales?<\/h3>\n\n\n\n<p>Los datos personales que nos proporciona para la solicitud de informaci\u00f3n y\/o presupuesto, ser\u00e1n conservados el tiempo m\u00ednimo necesario para la correcta prestaci\u00f3n del servicio ofrecido, as\u00ed como para atender las responsabilidades que se pudieran derivar del mismo y de cualquier otra exigencia legal.<\/p>\n\n\n\n<p>Los datos tratados para el env\u00edo de comunicaciones comerciales ser\u00e1n conservados hasta que el interesado no revoque el consentimiento y\/o ejercite sus derechos de oposici\u00f3n y\/o supresi\u00f3n.<\/p>\n\n\n\n<h3 class=\"wp-block-heading\">\u00bfA qu\u00e9 destinatarios se comunicar\u00e1n sus datos?<\/h3>\n\n\n\n<p>Q-SAFETY no ceder\u00e1 los datos proporcionados por usted a terceras personas, salvo obligaci\u00f3n legal o mediando su consentimiento expreso.<\/p>\n\n\n\n<p>Q-SAFETY si podr\u00e1 proporcionar datos personales a proveedores de servicios necesarios para la prestaci\u00f3n del servicio. En estos casos, los proveedores de servicios, que ser\u00e1n considerados encargados de tratamiento, deber\u00e1n mantener, en todo momento, los mismos niveles de seguridad que Q-SAFETY con relaci\u00f3n a sus datos personales y estar\u00e1n vinculados mediante relaci\u00f3n contractual, pudiendo tratar sus datos exclusivamente siguiendo las instrucciones de Q-SAFETY.<\/p>\n\n\n\n<h3 class=\"wp-block-heading\">\u00bfCu\u00e1les son sus derechos cuando nos facilita sus datos?<\/h3>\n\n\n\n<p>Cualquier persona tiene derecho a obtener confirmaci\u00f3n acerca de si en Q-SAFETY estamos tratando datos personales que le conciernen, o no. Los derechos de protecci\u00f3n de datos que usted puede ejercitar son:<\/p>\n\n\n\n<ul class=\"wp-block-list\">\n<li>Derecho de acceso, rectificaci\u00f3n o supresi\u00f3n: Usted tiene derecho a acceder a sus datos personales, as\u00ed como a solicitar la rectificaci\u00f3n de los datos inexactos o, en su caso, solicitar su supresi\u00f3n cuando, entre otros motivos, los datos ya no sean necesarios para los fines que fueron recogidos.<\/li>\n\n\n\n<li>Derecho de oposici\u00f3n: En determinadas circunstancias usted podr\u00e1 oponerse al tratamiento de sus datos. Q-SAFETY dejar\u00e1 de tratar los datos, salvo por motivos leg\u00edtimos imperiosos o el ejercicio o la defensa de posibles reclamaciones.<\/li>\n\n\n\n<li>Derecho a la portabilidad de sus datos: Usted puede solicitar que sus datos personales automatizados sean cedidos o transferidos a cualquier otra empresa que nos indique. Se facilitar\u00e1n en un formato estructurado, inteligible y automatizado.<\/li>\n\n\n\n<li>Derecho a solicitar la limitaci\u00f3n de su tratamiento: En determinadas circunstancias, usted puede solicitar la limitaci\u00f3n del tratamiento de sus datos, en cuyo caso \u00fanicamente los conservaremos para el ejercicio o la defensa de reclamaciones.<\/li>\n\n\n\n<li>Derecho a no ser objeto de decisiones individuales automatizadas.<\/li>\n<\/ul>\n\n\n\n<p><\/p>\n\n\n\n<h3 class=\"wp-block-heading\">\u00bfC\u00f3mo podr\u00e1 ejercitar estos derechos?<\/h3>\n\n\n\n<p>Usted podr\u00e1 ejercitar sus derechos de protecci\u00f3n de datos personales dirigiendo una comunicaci\u00f3n por escrito al domicilio social de Quir\u00f3nprevenci\u00f3n, S.L.U., en C\/ Valent\u00edn Beato 5 \u2013 28037 Madrid, indicando la referencia \u201cPROTECCI\u00d3N DE DATOS\u201d o al correo electr\u00f3nico habilitado a tal efecto,&nbsp;<a href=\"mailto:dpo@qsafety.es\">dpo@qsafety.es<\/a>, incluyendo en ambos casos fotocopia de su DNI u otro documento de identificaci\u00f3n equivalente e indicando su nombre y apellidos, petici\u00f3n en que se concreta la solicitud, direcci\u00f3n a efectos de notificaciones, fecha y firma. Tambi\u00e9n podr\u00e1 ejercitar sus derechos a trav\u00e9s de representaci\u00f3n legal, en cuyo caso, adem\u00e1s del DNI del interesado o equivalente, habr\u00e1 de aportarse DNI y documento acreditativo aut\u00e9ntico de la representaci\u00f3n del tercero.<\/p>\n\n\n\n<p>Si nos lo solicitan pondremos a su disposici\u00f3n los formularios en los que podr\u00e1 ejercitar estos derechos, indic\u00e1ndonos qu\u00e9 derecho desea ejercitar.<\/p>\n\n\n\n<h3 class=\"wp-block-heading\">\u00bfPuedo retirar el consentimiento?<\/h3>\n\n\n\n<p>Usted tiene el derecho a retirar el consentimiento en cualquier momento, sin que ello afecte a la licitud del tratamiento basado en el consentimiento previo a su retirada.<\/p>\n\n\n\n<h3 class=\"wp-block-heading\">\u00bfD\u00f3nde puedo reclamar en caso de que considere que no se tratan mis datos correctamente?<\/h3>\n\n\n\n<p>Si usted considera que sus datos no son tratados correctamente, puede dirigir sus reclamaciones al Delegado de Protecci\u00f3n de Datos de Quir\u00f3nprevenci\u00f3n (<a href=\"mailto:dpo@qsafety.es\">dpo@qsafety.es<\/a>) o a la autoridad de control, que en el territorio nacional es la Agencia Espa\u00f1ola de Protecci\u00f3n de Datos, bien a trav\u00e9s de la sede electr\u00f3nica de su portal web (<a href=\"http:\/\/www.agpd.es\/\" rel=\"noreferrer noopener\" target=\"_blank\">www.agpd.es<\/a>), o bien mediante escrito dirigido a su direcci\u00f3n postal (C\/Jorge Juan, 6, 28001-Madrid).<\/p>\n\n\n\n<h3 class=\"wp-block-heading\">Seguridad y actualizaci\u00f3n de sus datos personales<\/h3>\n\n\n\n<p>Con el objetivo de salvaguardar la seguridad de sus datos personales, le informamos que Q-SAFETY. ha adoptado todas las medidas de \u00edndole t\u00e9cnica y organizativa necesarias para garantizar la seguridad de los datos personales suministrados, incluidas -entre otras-:<\/p>\n\n\n\n<ul class=\"wp-block-list\">\n<li>La seudonimizaci\u00f3n y el cifrado de datos personales cuando corresponda.<\/li>\n\n\n\n<li>La capacidad de garantizar la confidencialidad, integridad, disponibilidad y resiliencia permanentes de los sistemas y servicios de tratamiento.<\/li>\n\n\n\n<li>La capacidad de restaurar la disponibilidad y al acceso a los datos personales de forma r\u00e1pida, en caso de incidente f\u00edsico o t\u00e9cnico.<\/li>\n\n\n\n<li>Un proceso de verificaci\u00f3n, evaluaci\u00f3n y valoraci\u00f3n regulares de la eficacia de las medidas t\u00e9cnicas y organizativas para garantizar la seguridad del tratamiento.<\/li>\n<\/ul>\n\n\n\n<p><\/p>\n\n\n\n<p>Q-SAFETY se reserva el derecho de modificar la presente pol\u00edtica de privacidad en cualquier momento, por lo que le recomendemos que revise la misma cada vez que acceda a la p\u00e1gina web.<\/p>","protected":false},"excerpt":{"rendered":"<p>De conformidad con el Reglamento (UE) 2016\/679 del Parlamento y del Consejo de 27 de abril de 2016 relativo a la protecci\u00f3n de las personas f\u00edsicas en lo que respecta al tratamiento de sus datos personales y la libre circulaci\u00f3n de \u00e9stos y con la Ley Org\u00e1nica 3\/2018, de 5 de diciembre, de Protecci\u00f3n de [&hellip;]<\/p>\n","protected":false},"author":3,"featured_media":0,"parent":0,"menu_order":0,"comment_status":"closed","ping_status":"closed","template":"","meta":{"_monsterinsights_skip_tracking":false,"_monsterinsights_sitenote_active":false,"_monsterinsights_sitenote_note":"","_monsterinsights_sitenote_category":0,"footnotes":""},"class_list":["post-570","page","type-page","status-publish","hentry"],"_links":{"self":[{"href":"https:\/\/qsafety.quironprevencion.com\/en\/wp-json\/wp\/v2\/pages\/570","targetHints":{"allow":["GET"]}}],"collection":[{"href":"https:\/\/qsafety.quironprevencion.com\/en\/wp-json\/wp\/v2\/pages"}],"about":[{"href":"https:\/\/qsafety.quironprevencion.com\/en\/wp-json\/wp\/v2\/types\/page"}],"author":[{"embeddable":true,"href":"https:\/\/qsafety.quironprevencion.com\/en\/wp-json\/wp\/v2\/users\/3"}],"replies":[{"embeddable":true,"href":"https:\/\/qsafety.quironprevencion.com\/en\/wp-json\/wp\/v2\/comments?post=570"}],"version-history":[{"count":5,"href":"https:\/\/qsafety.quironprevencion.com\/en\/wp-json\/wp\/v2\/pages\/570\/revisions"}],"predecessor-version":[{"id":3005,"href":"https:\/\/qsafety.quironprevencion.com\/en\/wp-json\/wp\/v2\/pages\/570\/revisions\/3005"}],"wp:attachment":[{"href":"https:\/\/qsafety.quironprevencion.com\/en\/wp-json\/wp\/v2\/media?parent=570"}],"curies":[{"name":"wp","href":"https:\/\/api.w.org\/{rel}","templated":true}]}}