{"id":542,"date":"2024-04-30T09:51:39","date_gmt":"2024-04-30T09:51:39","guid":{"rendered":"https:\/\/wp-qsafety.azurewebsites.net\/?page_id=542"},"modified":"2025-02-12T13:05:41","modified_gmt":"2025-02-12T12:05:41","slug":"aviso-legal","status":"publish","type":"page","link":"https:\/\/qsafety.quironprevencion.com\/en\/aviso-legal\/","title":{"rendered":"Aviso legal"},"content":{"rendered":"<h3 class=\"wp-block-heading\">Identificaci\u00f3n Titular del Sitio Web<\/h3>\n\n\n\n<p>En cumplimiento de lo previsto en el art. 10 de la Ley 34\/2002, de 11 de julio, de Servicios de la Sociedad de la Informaci\u00f3n y Comercio Electr\u00f3nico, se pone de manifiesto que los datos de identificaci\u00f3n del titular del dominio web de&nbsp;<a href=\"https:\/\/qsafety.quironprevencion.com\/en\/\">qsafety.quironprevencion.com<\/a>&nbsp;son los siguientes:<\/p>\n\n\n\n<ul class=\"wp-block-list\">\n<li>Denominaci\u00f3n Social: QSAFETY BY QUIR\u00d3N PREVENCI\u00d3N, S.A.<\/li>\n\n\n\n<li>CIF: A97050165<\/li>\n\n\n\n<li>Datos de Inscripci\u00f3n en el Registro Mercantil: Inscrita en el Registro Mercantil de Madrid, tomo 23.310, folio 134, Secci\u00f3n 8\u00aa, Hoja M-417961.<\/li>\n\n\n\n<li>Domicilio: CL VALENT\u00cdN BEATO 5, 28037 MADRID<\/li>\n\n\n\n<li>Contacto: Tel\u00e9fono&nbsp;<a href=\"tel:+34911080911\" target=\"_blank\" rel=\"noreferrer noopener\">91 108 09 11<\/a>&nbsp;| Correo electr\u00f3nico&nbsp;<a href=\"mailto:qsafety@qsafety.es\" target=\"_blank\" rel=\"noreferrer noopener\">qsafety@qsafety.es<\/a><\/li>\n<\/ul>\n\n\n\n<p><\/p>\n\n\n\n<h3 class=\"wp-block-heading\">Objeto<\/h3>\n\n\n\n<p>Las presentes Condiciones de Uso (en adelante las Condiciones) tienen por objeto regular el acceso, la navegaci\u00f3n y el uso de del Sitio Web de QSAFETY. El acceso, la navegaci\u00f3n y\/o el uso del Sitio Web, implican la aceptaci\u00f3n de la totalidad de las estipulaciones previstas en las presentes Condiciones, as\u00ed como de la Pol\u00edtica de Privacidad y la Pol\u00edtica de Cookies.<\/p>\n\n\n\n<p>No obstante, pueden existir determinados servicios y contenidos accesibles a trav\u00e9s del Sitio Web, sometidos a condiciones particulares que pueden sustituir y\/o complementar las presentes Condiciones.<\/p>\n\n\n\n<h3 class=\"wp-block-heading\">Condici\u00f3n de Usuario<\/h3>\n\n\n\n<p>Se entender\u00e1 por Usuario a la persona que acceda, navegue y utilice el Sitio Web, los servicios y\/o los contenidos albergados en el mismo.<\/p>\n\n\n\n<p>El acceso al Sitio Web atribuye al visitante la condici\u00f3n de Usuario (en adelante, el\u00a0\u201cUsuario\u201d), lo que implica la adhesi\u00f3n y compromiso de cumplimiento de todas y cada una de los t\u00e9rminos y condiciones publicada en este Aviso Legal en la versi\u00f3n publicada en el momento del acceso.<\/p>\n\n\n\n<p>El acceso al Sitio Web no supone entablar ning\u00fan tipo de relaci\u00f3n de car\u00e1cter comercial entre QSAFETY y el Usuario.<\/p>\n\n\n\n<h3 class=\"wp-block-heading\">Requisitos de Uso<\/h3>\n\n\n\n<p>Para el acceso al Sitio Web y a las funcionalidades que alberga, se necesitar\u00e1 un dispositivo que cumpla los requisitos de compatibilidad de hardware y software (que pueden variar a lo largo del tiempo) y acceso a Internet. El Usuario ser\u00e1 consciente de que estos factores pueden influir en el rendimiento del Sitio Web y\/o en la posibilidad de acceder a los servicios que se ofrecen en los mismos.<\/p>\n\n\n\n<p>QSAFETY no es responsable de la imposibilidad de acceso o deficiencias en el funcionamiento del Sitio Web y\/o de los servicios ofertados a trav\u00e9s de \u00e9ste por uso de dispositivos inadecuados, o por interrupciones de servicio de Internet derivadas de saturaci\u00f3n de la red o cualquier otra raz\u00f3n.<\/p>\n\n\n\n<p>El Usuario se compromete en todo caso a utilizar el Sitio Web y sus servicios de modo diligente, correcto, l\u00edcito, de conformidad con la ley, el Aviso Legal, las presentes Condiciones (y\/o las que resulten aplicables en cada caso concreto), reglamentos de uso e instrucciones puestos en su conocimiento, as\u00ed como con la moral, las buenas costumbres generalmente aceptadas y el orden p\u00fablico.<\/p>\n\n\n\n<p>A tal efecto, se abstendr\u00e1 de llevar a cabo cualquier actividad il\u00edcita, prohibida, o lesiva de los derechos e intereses de terceros, o que de cualquier forma puedan da\u00f1ar, inutilizar, sobrecargar, deteriorar o impedir la normal utilizaci\u00f3n de los servicios, los equipos inform\u00e1ticos o los documentos, archivos y toda clase de contenidos almacenados en cualquier equipo inform\u00e1tico de QSAFETY, de otros usuarios o de cualquier usuario de Internet (hardware y software).<br>Usuario.<\/p>\n\n\n\n<h3 class=\"wp-block-heading\">Propiedad Intelectual e Industrial<\/h3>\n\n\n\n<p>El dise\u00f1o, im\u00e1genes, r\u00f3tulos, signos distintivos, nombre comercial, marcas, logos, productos y servicios, etc. que contiene el Sitio Web se encuentran protegidos por la Ley de Propiedad Industrial y son propiedad de QSAFETY, sin que pueda entenderse que el uso o acceso al Sitio Web y\/o a los servicios que en el mismo se facilitan, atribuya al Usuario derecho alguno sobre el citado dise\u00f1o, im\u00e1genes, r\u00f3tulos, signos distintivos, nombre comercial, marcas, logos, productos y servicios.<\/p>\n\n\n\n<p>Asimismo, el Sitio Web, su c\u00f3digo fuente y los contenidos a los que se accede a trav\u00e9s de este sitio son Propiedad Intelectual de QSAFETY y\/o de terceros, sin que puedan entenderse cedidos al Usuario en supuesto alguno.<\/p>\n\n\n\n<p>QSAFETY es titular o licenciatario de todos los derechos sobre el contenido del Sitio Web y de los servicios ofertados a trav\u00e9s de \u00e9ste. El acceso al Sitio Web o a sus servicios no otorga a los Usuarios derecho, ni titularidad alguna sobre los derechos de propiedad intelectual o industrial sobre los Contenidos que alberga. El Usuario reconoce y acepta que su uso queda terminantemente prohibido, as\u00ed como su reproducci\u00f3n, comunicaci\u00f3n y\/o distribuci\u00f3n, modificaci\u00f3n, alteraci\u00f3n o descompilaci\u00f3n, ya sea con finalidades de uso personal, privado y no lucrativo o con fines comerciales o lucrativos.<\/p>\n\n\n\n<p>La utilizaci\u00f3n o la publicaci\u00f3n, parcial o total, con fines comerciales, de cualquier contenido alojado en el Sitio Web est\u00e1 estrictamente prohibida sin autorizaci\u00f3n previa a QSAFETY.<\/p>\n\n\n\n<p>QSAFETY se reserva la posibilidad de ejercer las acciones judiciales que correspondan contra los Usuarios que violen o infrinjan los derechos de propiedad intelectual e industrial.<\/p>\n\n\n\n<h3 class=\"wp-block-heading\">Disponibilidad de los Servicios<\/h3>\n\n\n\n<p>La informaci\u00f3n, contenidos o los servicios ofrecidos a trav\u00e9s del Sitio Web son los que QSAFETY decide en cada momento y pueden variar a lo largo del tiempo. Por tanto, no existe obligaci\u00f3n por parte \u00e9ste de mantener disponibles los servicios. No obstante, se informar\u00e1 a los Usuarios cuando decida cancelar la continuidad de un determinado servicio y las condiciones del cese del mismo.<\/p>\n\n\n\n<p>Asimismo, QSAFETY podr\u00e1 anular el acceso a los servicios, total o parcialmente, a aquellos Usuarios que incumplan las presentes Condiciones.<\/p>\n\n\n\n<h3 class=\"wp-block-heading\">Garant\u00eda y Responsabilidad de QSAFETY<\/h3>\n\n\n\n<p>Aunque QSAFETY emplea sistemas compatibles con la mayor\u00eda de las tecnolog\u00edas existentes en el mercado, no puede garantizar la compatibilidad de los dispositivos empleados por el Usuario.<\/p>\n\n\n\n<p>QSAFETY no garantiza la disponibilidad y continuidad del funcionamiento del Sitio Web o de los Servicios ofertados. Por ello, estar\u00e1 exento de cualquier responsabilidad derivada del acceso y uso del Sitio Web o de los servicios ofertados a trav\u00e9s de la misma (fallos en el rendimiento, interrupciones o demora en el funcionamiento de los Servicio, fallo del sistema o de la l\u00ednea, etc.), incluso aunque se produjera alg\u00fan fallo o mal funcionamiento que causara da\u00f1os en herramientas inform\u00e1ticas de terceras personas. En este sentido, el Usuario accede al Sitio y a sus funcionalidad bajo su exclusiva responsabilidad.<\/p>\n\n\n\n<p>Los servicios que se ofrecen a trav\u00e9s del Sitio Web cumplen con lo dispuesto en el ordenamiento jur\u00eddico espa\u00f1ol.<\/p>\n\n\n\n<p>QSAFETY queda liberado de cualquier responsabilidad en caso de un uso indebido del Sitio Web y\/o de los servicios por parte del Usuario.<\/p>\n\n\n\n<p>QSAFETY no ser\u00e1 responsable en los supuestos de indisponibilidad de los servicios por causas de fuerza mayor o suspensi\u00f3n temporal de los mismos por razones t\u00e9cnicas. Por tanto, QSAFETY no asumir\u00e1 responsabilidad alguna por los da\u00f1os, p\u00e9rdidas que pudieran sufrir como consecuencia de sucesos que no hubieran podido preverse, o que previstos fueran inevitables, bien por caso fortuito o fuerza mayor.<\/p>\n\n\n\n<p>QSAFETY no se hace responsable de cualquier fallo, error t\u00e9cnico, accidente, aver\u00eda, manipulaci\u00f3n, interrupci\u00f3n en los servicios o cualquier otra incidencia que pudiera surgir en productos, equipos o servicios t\u00e9cnicos ajenos a QSAFETY cuyo uso sea necesario para el acceso a los servicios.<\/p>\n\n\n\n<p>A pesar de que QSAFETY ha actuado de forma diligente y ha adoptado las medidas necesarias, de acuerdo con el estado de la tecnolog\u00eda, para evitar posibles brechas en la seguridad del Sitio Web, no se puede garantizar la imposibilidad absoluta de vulnerabilidad de las medidas de seguridad adoptadas.<\/p>\n\n\n\n<p>QSAFETY no se hace responsable de la legalidad de otros sitios web de terceros desde los que pueda accederse al Sitio Web. QSAFETY tampoco responde por la legalidad de otros sitios web de terceros, que pudieran estar vinculados o enlazados desde este Sitio Web.<\/p>\n\n\n\n<p>QSAFETY tratar\u00e1, en la medida de lo posible, de actualizar y rectificar aquella informaci\u00f3n alojada en su web. No obstante, se excluye cualquier responsabilidad por los da\u00f1os y perjuicios de toda naturaleza que puedan deberse a la falta de veracidad, exactitud, exhaustividad y\/o actualidad de los contenidos transmitidos, difundidos, almacenados, puestos a disposici\u00f3n, recibidos, obtenidos o a los que se haya accedido a trav\u00e9s del Sitio Web.<\/p>\n\n\n\n<p>El Usuario asume que en caso de tomar decisiones en base a la informaci\u00f3n suministrada en el Sitio Web, la responsabilidad ser\u00e1 exclusivamente suya, no pudiendo realizar reclamaci\u00f3n alguna a QSAFETY por las consecuencias de las decisiones tomadas.<\/p>\n\n\n\n<h3 class=\"wp-block-heading\">Enlaces de Terceros<\/h3>\n\n\n\n<p>Los encargados de sitios web que creen enlaces del Sitio Web deben informar a QSAFETY por escrito al domicilio social indicado en la identificaci\u00f3n del titular del sitio web de este aviso legal. Dichas conexi\u00f3n no implicar\u00e1 ning\u00fan tipo de asociaci\u00f3n o participaci\u00f3n con las entidades conectadas. QSAFETY se reserva el derecho a denegar dicho acceso en cualquier momento.<\/p>\n\n\n\n<p>En el caso de que cualquier usuario del Sitio Web entendiese que el contenido o los servicios prestados por las p\u00e1ginas enlazadas son il\u00edcitos, vulneran valores o principios constitucionales, o lesionan bienes o derechos del propio usuario o de un tercero, se ruega que lo comuniquen por escrito al domicilio social indicado en la identificaci\u00f3n del titular del sitio web de este aviso legal.<\/p>\n\n\n\n<h3 class=\"wp-block-heading\">Tratamiento de Datos Personales<\/h3>\n\n\n\n<p>Las condiciones de tratamientos de los datos personales en este Sitio Web est\u00e1n reguladas en la\u00a0<a href=\"https:\/\/qsafety.quironprevencion.com\/en\/politicas-de-privacidad\/\">Pol\u00edtica de Privacidad<\/a>.<\/p>\n\n\n\n<p>As\u00ed mismo, las condiciones de los tratamientos de los datos personales que usted nos comunica mediante los formularios disponibles est\u00e1n disponibles en los avisos legales incluidos en cada uno de ellos.<\/p>\n\n\n\n<h3 class=\"wp-block-heading\">Cookies<\/h3>\n\n\n\n<p>Este Sitio Web utiliza cookies para mejorar las condiciones de navegaci\u00f3n. Puede acceder a nuestra\u00a0<a href=\"https:\/\/qsafety.quironprevencion.com\/en\/politica-de-cookies\/\">Pol\u00edtica de Cookies<\/a>.<\/p>\n\n\n\n<p>Modificaci\u00f3n del Contenido y las Condiciones<\/p>\n\n\n\n<p>QSAFETY podr\u00e1 a\u00f1adir nuevas funcionalidades al Sitio Web y\/o modificar las actuales Condiciones. En ese caso, se publicar\u00e1 la actualizaci\u00f3n en el Sitio Web para que el Usuario tenga conocimiento de cualquier cambio. Si el Usuario no estuviera de acuerdo con las nuevas condiciones, dispondr\u00e1 de un plazo de quince d\u00edas naturales desde la comunicaci\u00f3n para resolver el contrato mediante comunicaci\u00f3n fehaciente a QSAFETY. El transcurso del referido plazo sin que el Usuario haya manifestado nada en contrario, implicar\u00e1 la plena aceptaci\u00f3n de las nuevas condiciones.<\/p>\n\n\n\n<h3 class=\"wp-block-heading\">Jurisdicci\u00f3n y Legislaci\u00f3n Aplicable<\/h3>\n\n\n\n<p>El presente Aviso Legal se regir\u00e1 e interpretar\u00e1 con arreglo a la legislaci\u00f3n espa\u00f1ola.<\/p>\n\n\n\n<p>Cualquier controversia que pudiera derivarse del acceso o la utilizaci\u00f3n del Sitio Web se someter\u00e1 a la exclusiva jurisdicci\u00f3n de los Juzgados y Tribunales de Madrid, sin perjuicio de que resulte de aplicaci\u00f3n alguna disposici\u00f3n imperativa en contrario, en cuyo caso se estar\u00e1 al contenido de la misma.<\/p>","protected":false},"excerpt":{"rendered":"<p>Identificaci\u00f3n Titular del Sitio Web En cumplimiento de lo previsto en el art. 10 de la Ley 34\/2002, de 11 de julio, de Servicios de la Sociedad de la Informaci\u00f3n y Comercio Electr\u00f3nico, se pone de manifiesto que los datos de identificaci\u00f3n del titular del dominio web de&nbsp;qsafety.quironprevencion.com&nbsp;son los siguientes: Objeto Las presentes Condiciones de [&hellip;]<\/p>\n","protected":false},"author":3,"featured_media":0,"parent":0,"menu_order":0,"comment_status":"closed","ping_status":"closed","template":"","meta":{"_monsterinsights_skip_tracking":false,"_monsterinsights_sitenote_active":false,"_monsterinsights_sitenote_note":"","_monsterinsights_sitenote_category":0,"footnotes":""},"class_list":["post-542","page","type-page","status-publish","hentry"],"_links":{"self":[{"href":"https:\/\/qsafety.quironprevencion.com\/en\/wp-json\/wp\/v2\/pages\/542","targetHints":{"allow":["GET"]}}],"collection":[{"href":"https:\/\/qsafety.quironprevencion.com\/en\/wp-json\/wp\/v2\/pages"}],"about":[{"href":"https:\/\/qsafety.quironprevencion.com\/en\/wp-json\/wp\/v2\/types\/page"}],"author":[{"embeddable":true,"href":"https:\/\/qsafety.quironprevencion.com\/en\/wp-json\/wp\/v2\/users\/3"}],"replies":[{"embeddable":true,"href":"https:\/\/qsafety.quironprevencion.com\/en\/wp-json\/wp\/v2\/comments?post=542"}],"version-history":[{"count":8,"href":"https:\/\/qsafety.quironprevencion.com\/en\/wp-json\/wp\/v2\/pages\/542\/revisions"}],"predecessor-version":[{"id":2694,"href":"https:\/\/qsafety.quironprevencion.com\/en\/wp-json\/wp\/v2\/pages\/542\/revisions\/2694"}],"wp:attachment":[{"href":"https:\/\/qsafety.quironprevencion.com\/en\/wp-json\/wp\/v2\/media?parent=542"}],"curies":[{"name":"wp","href":"https:\/\/api.w.org\/{rel}","templated":true}]}}